{"id":30,"date":"2026-01-20T13:54:44","date_gmt":"2026-01-20T13:54:44","guid":{"rendered":"https:\/\/ultraxhealth.com\/?page_id=30"},"modified":"2026-03-31T18:35:28","modified_gmt":"2026-03-31T18:35:28","slug":"servicos","status":"publish","type":"page","link":"https:\/\/ultraxhealth.com\/pt\/servicos\/","title":{"rendered":"SERVI\u00c7OS"},"content":{"rendered":"<div data-elementor-type=\"wp-page\" data-elementor-id=\"30\" class=\"elementor elementor-30\" data-elementor-post-type=\"page\">\n\t\t\t\t<div class=\"elementor-element elementor-element-45acf6b5 e-flex e-con-boxed elementor-invisible e-con e-parent\" data-id=\"45acf6b5\" data-element_type=\"container\" data-settings=\"{&quot;background_background&quot;:&quot;classic&quot;,&quot;animation&quot;:&quot;fadeInDown&quot;}\">\n\t\t\t\t\t<div class=\"e-con-inner\">\n\t\t<div class=\"elementor-element elementor-element-303d5258 e-con-full e-flex e-con e-child\" data-id=\"303d5258\" data-element_type=\"container\">\n\t\t\t\t<div class=\"elementor-element elementor-element-ba97521 elementor-icon-list--layout-inline elementor-align-center elementor-widget-mobile__width-initial elementor-list-item-link-full_width elementor-widget elementor-widget-icon-list\" data-id=\"ba97521\" data-element_type=\"widget\" data-widget_type=\"icon-list.default\">\n\t\t\t\t\t\t\t<ul class=\"elementor-icon-list-items elementor-inline-items\">\n\t\t\t\t\t\t\t<li class=\"elementor-icon-list-item elementor-inline-item\">\n\t\t\t\t\t\t\t\t\t\t\t<span class=\"elementor-icon-list-icon\">\n\t\t\t\t\t\t\t<svg aria-hidden=\"true\" class=\"e-font-icon-svg e-fas-map-marker-alt\" viewbox=\"0 0 384 512\" xmlns=\"http:\/\/www.w3.org\/2000\/svg\"><path d=\"M172.268 501.67C26.97 291.031 0 269.413 0 192 0 85.961 85.961 0 192 0s192 85.961 192 192c0 77.413-26.97 99.031-172.268 309.67-9.535 13.774-29.93 13.773-39.464 0zM192 272c44.183 0 80-35.817 80-80s-35.817-80-80-80-80 35.817-80 80 35.817 80 80 80z\"><\/path><\/svg>\t\t\t\t\t\t<\/span>\n\t\t\t\t\t\t\t\t\t\t<span class=\"elementor-icon-list-text\">3909 NE 163rd street, Suite 111 North Miami Beach, 33160<\/span>\n\t\t\t\t\t\t\t\t\t<\/li>\n\t\t\t\t\t\t\t\t<li class=\"elementor-icon-list-item elementor-inline-item\">\n\t\t\t\t\t\t\t\t\t\t\t<span class=\"elementor-icon-list-icon\">\n\t\t\t\t\t\t\t<svg aria-hidden=\"true\" class=\"e-font-icon-svg e-fas-envelope\" viewbox=\"0 0 512 512\" xmlns=\"http:\/\/www.w3.org\/2000\/svg\"><path d=\"M502.3 190.8c3.9-3.1 9.7-.2 9.7 4.7V400c0 26.5-21.5 48-48 48H48c-26.5 0-48-21.5-48-48V195.6c0-5 5.7-7.8 9.7-4.7 22.4 17.4 52.1 39.5 154.1 113.6 21.1 15.4 56.7 47.8 92.2 47.6 35.7.3 72-32.8 92.3-47.6 102-74.1 131.6-96.3 154-113.7zM256 320c23.2.4 56.6-29.2 73.4-41.4 132.7-96.3 142.8-104.7 173.4-128.7 5.8-4.5 9.2-11.5 9.2-18.9v-19c0-26.5-21.5-48-48-48H48C21.5 64 0 85.5 0 112v19c0 7.4 3.4 14.3 9.2 18.9 30.6 23.9 40.7 32.4 173.4 128.7 16.8 12.2 50.2 41.8 73.4 41.4z\"><\/path><\/svg>\t\t\t\t\t\t<\/span>\n\t\t\t\t\t\t\t\t\t\t<span class=\"elementor-icon-list-text\">services@ultraxhealthofficial.com<\/span>\n\t\t\t\t\t\t\t\t\t<\/li>\n\t\t\t\t\t\t<\/ul>\n\t\t\t\t\t\t<\/div>\n\t\t\t\t<\/div>\n\t\t\t\t\t<\/div>\n\t\t\t\t<\/div>\n\t\t<div class=\"elementor-element elementor-element-4215e632 e-flex e-con-boxed e-con e-parent\" data-id=\"4215e632\" data-element_type=\"container\">\n\t\t\t\t\t<div class=\"e-con-inner\">\n\t\t<div class=\"elementor-element elementor-element-8fcbc3d e-con-full e-flex elementor-invisible e-con e-child\" data-id=\"8fcbc3d\" data-element_type=\"container\" data-settings=\"{&quot;animation&quot;:&quot;fadeInDown&quot;}\">\n\t\t\t\t<div class=\"elementor-element elementor-element-6cc44eec elementor-widget elementor-widget-image\" data-id=\"6cc44eec\" data-element_type=\"widget\" data-widget_type=\"image.default\">\n\t\t\t\t\t\t\t\t\t\t\t\t\t\t\t\t<a href=\"https:\/\/ultraxhealth.com\/pt\/\">\n\t\t\t\t\t\t\t<img fetchpriority=\"high\" decoding=\"async\" width=\"1280\" height=\"720\" src=\"https:\/\/ultraxhealth.com\/wp-content\/uploads\/2026\/01\/tete.png\" class=\"attachment-full size-full wp-image-10\" alt=\"\" srcset=\"https:\/\/ultraxhealth.com\/wp-content\/uploads\/2026\/01\/tete.png 1280w, https:\/\/ultraxhealth.com\/wp-content\/uploads\/2026\/01\/tete-300x169.png 300w, https:\/\/ultraxhealth.com\/wp-content\/uploads\/2026\/01\/tete-1024x576.png 1024w, https:\/\/ultraxhealth.com\/wp-content\/uploads\/2026\/01\/tete-768x432.png 768w\" sizes=\"(max-width: 1280px) 100vw, 1280px\" \/>\t\t\t\t\t\t\t\t<\/a>\n\t\t\t\t\t\t\t\t\t\t\t\t\t\t\t<\/div>\n\t\t\t\t<\/div>\n\t\t<div class=\"elementor-element elementor-element-db09d76 e-con-full e-flex elementor-invisible e-con e-child\" data-id=\"db09d76\" data-element_type=\"container\" data-settings=\"{&quot;animation&quot;:&quot;fadeInDown&quot;}\">\n\t\t\t\t<div class=\"elementor-element elementor-element-46428fb2 elementor-nav-menu__align-center elementor-nav-menu--dropdown-none elementor-widget elementor-widget-nav-menu\" data-id=\"46428fb2\" data-element_type=\"widget\" data-settings=\"{&quot;layout&quot;:&quot;horizontal&quot;,&quot;submenu_icon&quot;:{&quot;value&quot;:&quot;&lt;svg class=\\&quot;e-font-icon-svg e-fas-caret-down\\&quot; viewBox=\\&quot;0 0 320 512\\&quot; xmlns=\\&quot;http:\\\/\\\/www.w3.org\\\/2000\\\/svg\\&quot;&gt;&lt;path d=\\&quot;M31.3 192h257.3c17.8 0 26.7 21.5 14.1 34.1L174.1 354.8c-7.8 7.8-20.5 7.8-28.3 0L17.2 226.1C4.6 213.5 13.5 192 31.3 192z\\&quot;&gt;&lt;\\\/path&gt;&lt;\\\/svg&gt;&quot;,&quot;library&quot;:&quot;fa-solid&quot;}}\" data-widget_type=\"nav-menu.default\">\n\t\t\t\t<div class=\"elementor-widget-container\">\n\t\t\t\t\t\t\t\t<nav class=\"elementor-nav-menu--main elementor-nav-menu__container elementor-nav-menu--layout-horizontal e--pointer-underline e--animation-fade\">\n\t\t\t\t<ul id=\"menu-1-46428fb2\" class=\"elementor-nav-menu\"><li class=\"menu-item menu-item-type-post_type menu-item-object-page menu-item-home menu-item-76\"><a href=\"https:\/\/ultraxhealth.com\/pt\/\" class=\"elementor-item\">P\u00c1GINA INICIAL<\/a><\/li>\n<li class=\"menu-item menu-item-type-post_type menu-item-object-page menu-item-75\"><a href=\"https:\/\/ultraxhealth.com\/pt\/servicos\/\" class=\"elementor-item\">SERVI\u00c7OS<\/a><\/li>\n<li class=\"menu-item menu-item-type-post_type menu-item-object-page menu-item-74\"><a href=\"https:\/\/ultraxhealth.com\/pt\/produtos\/\" class=\"elementor-item\">PRODUTOS<\/a><\/li>\n<li class=\"menu-item menu-item-type-post_type menu-item-object-page menu-item-73\"><a href=\"https:\/\/ultraxhealth.com\/pt\/faqs\/\" class=\"elementor-item\">PERGUNTAS FREQUENTES<\/a><\/li>\n<li class=\"menu-item menu-item-type-post_type menu-item-object-page menu-item-72\"><a href=\"https:\/\/ultraxhealth.com\/pt\/contate-nos\/\" class=\"elementor-item\">ENTRE EM CONTATO CONOSCO<\/a><\/li>\n<\/ul>\t\t\t<\/nav>\n\t\t\t\t\t\t<nav class=\"elementor-nav-menu--dropdown elementor-nav-menu__container\" aria-hidden=\"true\">\n\t\t\t\t<ul id=\"menu-2-46428fb2\" class=\"elementor-nav-menu\"><li class=\"menu-item menu-item-type-post_type menu-item-object-page menu-item-home menu-item-76\"><a href=\"https:\/\/ultraxhealth.com\/pt\/\" class=\"elementor-item\" tabindex=\"-1\">P\u00c1GINA INICIAL<\/a><\/li>\n<li class=\"menu-item menu-item-type-post_type menu-item-object-page menu-item-75\"><a href=\"https:\/\/ultraxhealth.com\/pt\/servicos\/\" class=\"elementor-item\" tabindex=\"-1\">SERVI\u00c7OS<\/a><\/li>\n<li class=\"menu-item menu-item-type-post_type menu-item-object-page menu-item-74\"><a href=\"https:\/\/ultraxhealth.com\/pt\/produtos\/\" class=\"elementor-item\" tabindex=\"-1\">PRODUTOS<\/a><\/li>\n<li class=\"menu-item menu-item-type-post_type menu-item-object-page menu-item-73\"><a href=\"https:\/\/ultraxhealth.com\/pt\/faqs\/\" class=\"elementor-item\" tabindex=\"-1\">PERGUNTAS FREQUENTES<\/a><\/li>\n<li class=\"menu-item menu-item-type-post_type menu-item-object-page menu-item-72\"><a href=\"https:\/\/ultraxhealth.com\/pt\/contate-nos\/\" class=\"elementor-item\" tabindex=\"-1\">ENTRE EM CONTATO CONOSCO<\/a><\/li>\n<\/ul>\t\t\t<\/nav>\n\t\t\t\t\t\t<\/div>\n\t\t\t\t<\/div>\n\t\t\t\t<\/div>\n\t\t\t\t\t<\/div>\n\t\t\t\t<\/div>\n\t\t<div class=\"elementor-element elementor-element-19ffd717 e-flex e-con-boxed elementor-invisible e-con e-parent\" data-id=\"19ffd717\" data-element_type=\"container\" data-settings=\"{&quot;background_background&quot;:&quot;classic&quot;,&quot;animation&quot;:&quot;fadeInDown&quot;}\">\n\t\t\t\t\t<div class=\"e-con-inner\">\n\t\t\t\t<div class=\"elementor-element elementor-element-4b70b880 elementor-widget elementor-widget-heading\" data-id=\"4b70b880\" data-element_type=\"widget\" data-widget_type=\"heading.default\">\n\t\t\t\t\t<h2 class=\"elementor-heading-title elementor-size-default\">Nossos servi\u00e7os<\/h2>\t\t\t\t<\/div>\n\t\t\t\t\t<\/div>\n\t\t\t\t<\/div>\n\t\t<div class=\"elementor-element elementor-element-359a202a e-flex e-con-boxed elementor-invisible e-con e-parent\" data-id=\"359a202a\" data-element_type=\"container\" data-settings=\"{&quot;animation&quot;:&quot;bounceInDown&quot;}\">\n\t\t\t\t\t<div class=\"e-con-inner\">\n\t\t<div class=\"elementor-element elementor-element-5b8a3dff e-con-full e-flex elementor-invisible e-con e-child\" data-id=\"5b8a3dff\" data-element_type=\"container\" data-settings=\"{&quot;animation&quot;:&quot;fadeInDown&quot;}\">\n\t\t<div class=\"elementor-element elementor-element-2ee038d5 e-con-full e-flex elementor-invisible e-con e-child\" data-id=\"2ee038d5\" data-element_type=\"container\" data-settings=\"{&quot;animation&quot;:&quot;fadeInDown&quot;}\">\n\t\t\t\t<div class=\"elementor-element elementor-element-32fd4cc8 elementor-widget elementor-widget-heading\" data-id=\"32fd4cc8\" data-element_type=\"widget\" data-widget_type=\"heading.default\">\n\t\t\t\t\t<h2 class=\"elementor-heading-title elementor-size-default\">TELECONSULTA<\/h2>\t\t\t\t<\/div>\n\t\t\t\t<div class=\"elementor-element elementor-element-43a31ccc elementor-widget elementor-widget-heading\" data-id=\"43a31ccc\" data-element_type=\"widget\" data-widget_type=\"heading.default\">\n\t\t\t\t\t<h2 class=\"elementor-heading-title elementor-size-default\">Agende sua teleconsulta com um m\u00e9dico especialista<\/h2>\t\t\t\t<\/div>\n\t\t\t\t<div class=\"elementor-element elementor-element-6eb4f771 elementor-widget elementor-widget-text-editor\" data-id=\"6eb4f771\" data-element_type=\"widget\" data-widget_type=\"text-editor.default\">\n\t\t\t\t\t\t\t\t\t<p><strong>Explore um plano de perda de peso com respaldo m\u00e9dico que realmente funciona. Marque uma consulta para descobrir a solu\u00e7\u00e3o ideal para voc\u00ea.<\/strong><\/p>\t\t\t\t\t\t\t\t<\/div>\n\t\t\t\t<div class=\"elementor-element elementor-element-5715cc33 elementor-widget elementor-widget-text-editor\" data-id=\"5715cc33\" data-element_type=\"widget\" data-widget_type=\"text-editor.default\">\n\t\t\t\t\t\t\t\t\t<div class=\"elementor-element elementor-element-2ca37520 elementor-widget elementor-widget-text-editor\" data-id=\"2ca37520\" data-element_type=\"widget\" data-widget_type=\"text-editor.default\"><p>Os medicamentos modernos para perda de peso funcionam visando a essas vias hormonais - reduzindo a fome, aumentando a sensa\u00e7\u00e3o de saciedade, retardando o esvaziamento g\u00e1strico e melhorando o controle do a\u00e7\u00facar no sangue. Combinados com mudan\u00e7as no estilo de vida, esses medicamentos ajudam o corpo a atingir e manter um peso saud\u00e1vel de forma mais eficaz do que a dieta e os exerc\u00edcios por si s\u00f3 para muitas pessoas.<\/p><\/div>\t\t\t\t\t\t\t\t<\/div>\n\t\t\t\t<div class=\"elementor-element elementor-element-583811d9 elementor-widget elementor-widget-text-editor\" data-id=\"583811d9\" data-element_type=\"widget\" data-widget_type=\"text-editor.default\">\n\t\t\t\t\t\t\t\t\t<p>Ressaltamos que n\u00e3o h\u00e1 interfer\u00eancia na prescri\u00e7\u00e3o m\u00e9dica, que \u00e9 de responsabilidade exclusiva do profissional habilitado.<\/p>\t\t\t\t\t\t\t\t<\/div>\n\t\t\t\t<div class=\"elementor-element elementor-element-5af7b137 elementor-mobile-align-center elementor-widget elementor-widget-button\" data-id=\"5af7b137\" data-element_type=\"widget\" data-widget_type=\"button.default\">\n\t\t\t\t\t\t\t\t\t\t<a class=\"elementor-button elementor-button-link elementor-size-sm\" href=\"https:\/\/calendly.com\/ultraxhealth\/falar-com-um-responsavel\">\n\t\t\t\t\t\t<span class=\"elementor-button-content-wrapper\">\n\t\t\t\t\t\t\t\t\t<span class=\"elementor-button-text\">AGENDAR UMA CONSULTA<\/span>\n\t\t\t\t\t<\/span>\n\t\t\t\t\t<\/a>\n\t\t\t\t\t\t\t\t<\/div>\n\t\t\t\t<\/div>\n\t\t\t\t<\/div>\n\t\t<div class=\"elementor-element elementor-element-37df86c5 e-con-full e-flex elementor-invisible e-con e-child\" data-id=\"37df86c5\" data-element_type=\"container\" data-settings=\"{&quot;animation&quot;:&quot;fadeInDown&quot;}\">\n\t\t\t\t<div class=\"elementor-element elementor-element-184b85d elementor-widget elementor-widget-image\" data-id=\"184b85d\" data-element_type=\"widget\" data-widget_type=\"image.default\">\n\t\t\t\t\t\t\t\t\t\t\t\t\t\t\t<img decoding=\"async\" width=\"485\" height=\"560\" src=\"https:\/\/ultraxhealth.com\/wp-content\/uploads\/2026\/01\/index-img-01.jpg\" class=\"attachment-large size-large wp-image-12\" alt=\"\" srcset=\"https:\/\/ultraxhealth.com\/wp-content\/uploads\/2026\/01\/index-img-01.jpg 485w, https:\/\/ultraxhealth.com\/wp-content\/uploads\/2026\/01\/index-img-01-260x300.jpg 260w\" sizes=\"(max-width: 485px) 100vw, 485px\" \/>\t\t\t\t\t\t\t\t\t\t\t\t\t\t\t<\/div>\n\t\t\t\t<\/div>\n\t\t\t\t\t<\/div>\n\t\t\t\t<\/div>\n\t\t<div class=\"elementor-element elementor-element-62de7e72 e-flex e-con-boxed elementor-invisible e-con e-parent\" data-id=\"62de7e72\" data-element_type=\"container\" data-settings=\"{&quot;animation&quot;:&quot;bounceInDown&quot;}\">\n\t\t\t\t\t<div class=\"e-con-inner\">\n\t\t<div class=\"elementor-element elementor-element-78dc9a40 e-con-full e-flex e-con e-child\" data-id=\"78dc9a40\" data-element_type=\"container\">\n\t\t<div class=\"elementor-element elementor-element-2ead699e e-con-full e-flex elementor-invisible e-con e-child\" data-id=\"2ead699e\" data-element_type=\"container\" data-settings=\"{&quot;animation&quot;:&quot;fadeInDown&quot;}\">\n\t\t\t\t<div class=\"elementor-element elementor-element-248824c3 elementor-widget elementor-widget-heading\" data-id=\"248824c3\" data-element_type=\"widget\" data-widget_type=\"heading.default\">\n\t\t\t\t\t<h2 class=\"elementor-heading-title elementor-size-default\">IMPORTA\u00c7\u00c3O R\u00c1PIDA E SEGURA\n<\/h2>\t\t\t\t<\/div>\n\t\t\t\t<div class=\"elementor-element elementor-element-dfb30c8 elementor-widget elementor-widget-heading\" data-id=\"dfb30c8\" data-element_type=\"widget\" data-widget_type=\"heading.default\">\n\t\t\t\t\t<h2 class=\"elementor-heading-title elementor-size-default\">Importamos medicamentos de forma legal, r\u00e1pida e segura 100%<\/h2>\t\t\t\t<\/div>\n\t\t\t\t<div class=\"elementor-element elementor-element-23f04549 elementor-widget elementor-widget-text-editor\" data-id=\"23f04549\" data-element_type=\"widget\" data-widget_type=\"text-editor.default\">\n\t\t\t\t\t\t\t\t\t<p>Traga os melhores medicamentos internacionais para seu uso, sem complica\u00e7\u00f5es e com total seguran\u00e7a jur\u00eddica.<\/p>\t\t\t\t\t\t\t\t<\/div>\n\t\t\t\t<div class=\"elementor-element elementor-element-329add99 elementor-widget elementor-widget-heading\" data-id=\"329add99\" data-element_type=\"widget\" data-widget_type=\"heading.default\">\n\t\t\t\t\t<h2 class=\"elementor-heading-title elementor-size-default\">Benef\u00edcios para voc\u00ea:<\/h2>\t\t\t\t<\/div>\n\t\t\t\t<div class=\"elementor-element elementor-element-2b8f829 elementor-icon-list--layout-traditional elementor-list-item-link-full_width elementor-widget elementor-widget-icon-list\" data-id=\"2b8f829\" data-element_type=\"widget\" data-widget_type=\"icon-list.default\">\n\t\t\t\t\t\t\t<ul class=\"elementor-icon-list-items\">\n\t\t\t\t\t\t\t<li class=\"elementor-icon-list-item\">\n\t\t\t\t\t\t\t\t\t\t\t<span class=\"elementor-icon-list-icon\">\n\t\t\t\t\t\t\t<svg aria-hidden=\"true\" class=\"e-font-icon-svg e-fas-check-circle\" viewbox=\"0 0 512 512\" xmlns=\"http:\/\/www.w3.org\/2000\/svg\"><path d=\"M504 256c0 136.967-111.033 248-248 248S8 392.967 8 256 119.033 8 256 8s248 111.033 248 248zM227.314 387.314l184-184c6.248-6.248 6.248-16.379 0-22.627l-22.627-22.627c-6.248-6.249-16.379-6.249-22.628 0L216 308.118l-70.059-70.059c-6.248-6.248-16.379-6.248-22.628 0l-22.627 22.627c-6.248 6.248-6.248 16.379 0 22.627l104 104c6.249 6.249 16.379 6.249 22.628.001z\"><\/path><\/svg>\t\t\t\t\t\t<\/span>\n\t\t\t\t\t\t\t\t\t\t<span class=\"elementor-icon-list-text\">Acesso a medicamentos americanos de qualidade<\/span>\n\t\t\t\t\t\t\t\t\t<\/li>\n\t\t\t\t\t\t\t\t<li class=\"elementor-icon-list-item\">\n\t\t\t\t\t\t\t\t\t\t\t<span class=\"elementor-icon-list-icon\">\n\t\t\t\t\t\t\t<svg aria-hidden=\"true\" class=\"e-font-icon-svg e-fas-check-circle\" viewbox=\"0 0 512 512\" xmlns=\"http:\/\/www.w3.org\/2000\/svg\"><path d=\"M504 256c0 136.967-111.033 248-248 248S8 392.967 8 256 119.033 8 256 8s248 111.033 248 248zM227.314 387.314l184-184c6.248-6.248 6.248-16.379 0-22.627l-22.627-22.627c-6.248-6.249-16.379-6.249-22.628 0L216 308.118l-70.059-70.059c-6.248-6.248-16.379-6.248-22.628 0l-22.627 22.627c-6.248 6.248-6.248 16.379 0 22.627l104 104c6.249 6.249 16.379 6.249 22.628.001z\"><\/path><\/svg>\t\t\t\t\t\t<\/span>\n\t\t\t\t\t\t\t\t\t\t<span class=\"elementor-icon-list-text\">Evita problemas legais e burocr\u00e1ticos<\/span>\n\t\t\t\t\t\t\t\t\t<\/li>\n\t\t\t\t\t\t\t\t<li class=\"elementor-icon-list-item\">\n\t\t\t\t\t\t\t\t\t\t\t<span class=\"elementor-icon-list-icon\">\n\t\t\t\t\t\t\t<svg aria-hidden=\"true\" class=\"e-font-icon-svg e-fas-check-circle\" viewbox=\"0 0 512 512\" xmlns=\"http:\/\/www.w3.org\/2000\/svg\"><path d=\"M504 256c0 136.967-111.033 248-248 248S8 392.967 8 256 119.033 8 256 8s248 111.033 248 248zM227.314 387.314l184-184c6.248-6.248 6.248-16.379 0-22.627l-22.627-22.627c-6.248-6.249-16.379-6.249-22.628 0L216 308.118l-70.059-70.059c-6.248-6.248-16.379-6.248-22.628 0l-22.627 22.627c-6.248 6.248-6.248 16.379 0 22.627l104 104c6.249 6.249 16.379 6.249 22.628.001z\"><\/path><\/svg>\t\t\t\t\t\t<\/span>\n\t\t\t\t\t\t\t\t\t\t<span class=\"elementor-icon-list-text\">Economia de tempo e dores de cabe\u00e7a<\/span>\n\t\t\t\t\t\t\t\t\t<\/li>\n\t\t\t\t\t\t\t\t<li class=\"elementor-icon-list-item\">\n\t\t\t\t\t\t\t\t\t\t\t<span class=\"elementor-icon-list-icon\">\n\t\t\t\t\t\t\t<svg aria-hidden=\"true\" class=\"e-font-icon-svg e-fas-check-circle\" viewbox=\"0 0 512 512\" xmlns=\"http:\/\/www.w3.org\/2000\/svg\"><path d=\"M504 256c0 136.967-111.033 248-248 248S8 392.967 8 256 119.033 8 256 8s248 111.033 248 248zM227.314 387.314l184-184c6.248-6.248 6.248-16.379 0-22.627l-22.627-22.627c-6.248-6.249-16.379-6.249-22.628 0L216 308.118l-70.059-70.059c-6.248-6.248-16.379-6.248-22.628 0l-22.627 22.627c-6.248 6.248-6.248 16.379 0 22.627l104 104c6.249 6.249 16.379 6.249 22.628.001z\"><\/path><\/svg>\t\t\t\t\t\t<\/span>\n\t\t\t\t\t\t\t\t\t\t<span class=\"elementor-icon-list-text\">Maior confiabilidade do fornecimento<\/span>\n\t\t\t\t\t\t\t\t\t<\/li>\n\t\t\t\t\t\t<\/ul>\n\t\t\t\t\t\t<\/div>\n\t\t\t\t<div class=\"elementor-element elementor-element-298c0c51 elementor-mobile-align-center elementor-widget elementor-widget-button\" data-id=\"298c0c51\" data-element_type=\"widget\" data-widget_type=\"button.default\">\n\t\t\t\t\t\t\t\t\t\t<a class=\"elementor-button elementor-button-link elementor-size-sm\" href=\"https:\/\/form.respondi.app\/aB8BdGcI\">\n\t\t\t\t\t\t<span class=\"elementor-button-content-wrapper\">\n\t\t\t\t\t\t\t\t\t<span class=\"elementor-button-text\">QUERO FAZER UM PEDIDO<\/span>\n\t\t\t\t\t<\/span>\n\t\t\t\t\t<\/a>\n\t\t\t\t\t\t\t\t<\/div>\n\t\t\t\t<\/div>\n\t\t\t\t<\/div>\n\t\t<div class=\"elementor-element elementor-element-cdcd8f5 e-con-full e-flex elementor-invisible e-con e-child\" data-id=\"cdcd8f5\" data-element_type=\"container\" data-settings=\"{&quot;animation&quot;:&quot;fadeInDown&quot;}\">\n\t\t\t\t<div class=\"elementor-element elementor-element-37221e19 elementor-widget elementor-widget-image\" data-id=\"37221e19\" data-element_type=\"widget\" data-widget_type=\"image.default\">\n\t\t\t\t\t\t\t\t\t\t\t\t\t\t\t<img decoding=\"async\" width=\"1080\" height=\"810\" src=\"https:\/\/ultraxhealth.com\/wp-content\/uploads\/2026\/01\/como_importar_dos_eua.jpg\" class=\"attachment-full size-full wp-image-33\" alt=\"\" srcset=\"https:\/\/ultraxhealth.com\/wp-content\/uploads\/2026\/01\/como_importar_dos_eua.jpg 1080w, https:\/\/ultraxhealth.com\/wp-content\/uploads\/2026\/01\/como_importar_dos_eua-300x225.jpg 300w, https:\/\/ultraxhealth.com\/wp-content\/uploads\/2026\/01\/como_importar_dos_eua-1024x768.jpg 1024w, https:\/\/ultraxhealth.com\/wp-content\/uploads\/2026\/01\/como_importar_dos_eua-768x576.jpg 768w\" sizes=\"(max-width: 1080px) 100vw, 1080px\" \/>\t\t\t\t\t\t\t\t\t\t\t\t\t\t\t<\/div>\n\t\t\t\t<\/div>\n\t\t\t\t\t<\/div>\n\t\t\t\t<\/div>\n\t\t<div class=\"elementor-element elementor-element-3aa38dd e-flex e-con-boxed elementor-invisible e-con e-parent\" data-id=\"3aa38dd\" data-element_type=\"container\" data-settings=\"{&quot;background_background&quot;:&quot;classic&quot;,&quot;animation&quot;:&quot;fadeInDown&quot;}\">\n\t\t\t\t\t<div class=\"e-con-inner\">\n\t\t\t\t<div class=\"elementor-element elementor-element-62381187 elementor-widget elementor-widget-heading\" data-id=\"62381187\" data-element_type=\"widget\" data-widget_type=\"heading.default\">\n\t\t\t\t\t<h2 class=\"elementor-heading-title elementor-size-default\">\u00a9 2025 UltraX Health - Todos os direitos reservados - Marca exclusiva do laborat\u00f3rio americano, importada para o Brasil pela INTERX HEALTH<\/h2>\t\t\t\t<\/div>\n\t\t\t\t\t<\/div>\n\t\t\t\t<\/div>\n\t\t\t\t<\/div>","protected":false},"excerpt":{"rendered":"<p>3909 NE 163rd street, Suite 111 North Miami Beach, 33160 services@ultraxhealthofficial.com\u200b Our services TELECONSULTATION Schedule your teleconsultation with a specialist doctor Explore a medically-backed weight loss plan that really works. Make an appointment to discover the ideal solution for you. Modern weight-loss medications work by targeting these hormonal pathways &#8211; reducing hunger, increasing feelings of [&hellip;]<\/p>","protected":false},"author":1,"featured_media":0,"parent":0,"menu_order":0,"comment_status":"closed","ping_status":"closed","template":"elementor_canvas","meta":{"_joinchat":[],"footnotes":""},"class_list":["post-30","page","type-page","status-publish","hentry"],"_hostinger_reach_plugin_has_subscription_block":false,"_hostinger_reach_plugin_is_elementor":false,"_links":{"self":[{"href":"https:\/\/ultraxhealth.com\/pt\/wp-json\/wp\/v2\/pages\/30","targetHints":{"allow":["GET"]}}],"collection":[{"href":"https:\/\/ultraxhealth.com\/pt\/wp-json\/wp\/v2\/pages"}],"about":[{"href":"https:\/\/ultraxhealth.com\/pt\/wp-json\/wp\/v2\/types\/page"}],"author":[{"embeddable":true,"href":"https:\/\/ultraxhealth.com\/pt\/wp-json\/wp\/v2\/users\/1"}],"replies":[{"embeddable":true,"href":"https:\/\/ultraxhealth.com\/pt\/wp-json\/wp\/v2\/comments?post=30"}],"version-history":[{"count":24,"href":"https:\/\/ultraxhealth.com\/pt\/wp-json\/wp\/v2\/pages\/30\/revisions"}],"predecessor-version":[{"id":250,"href":"https:\/\/ultraxhealth.com\/pt\/wp-json\/wp\/v2\/pages\/30\/revisions\/250"}],"wp:attachment":[{"href":"https:\/\/ultraxhealth.com\/pt\/wp-json\/wp\/v2\/media?parent=30"}],"curies":[{"name":"wp","href":"https:\/\/api.w.org\/{rel}","templated":true}]}}